{"id":127,"date":"2024-05-25T17:20:18","date_gmt":"2024-05-25T17:20:18","guid":{"rendered":"https:\/\/agrowomen-edu.eu\/?page_id=127"},"modified":"2025-05-08T12:41:22","modified_gmt":"2025-05-08T12:41:22","slug":"implementation","status":"publish","type":"page","link":"https:\/\/agrowomen-edu.eu\/?page_id=127","title":{"rendered":"IMPLEMENTATION OF THE PROJECT"},"content":{"rendered":"\n<div style=\"height:100px\" aria-hidden=\"true\" class=\"wp-block-spacer\"><\/div>\n\n\n\n<div class=\"wp-block-cover aligncenter is-light\" style=\"min-height:100vh;aspect-ratio:unset;\"><img loading=\"lazy\" decoding=\"async\" width=\"1024\" height=\"819\" class=\"wp-block-cover__image-background wp-image-217\" alt=\"\" src=\"https:\/\/agrowomen-edu.eu\/wp-content\/uploads\/2024\/05\/pexels-shvetsa-5231144-scaled-e1717005665613-1024x819.jpg\" data-object-fit=\"cover\" srcset=\"https:\/\/agrowomen-edu.eu\/wp-content\/uploads\/2024\/05\/pexels-shvetsa-5231144-scaled-e1717005665613-1024x819.jpg 1024w, https:\/\/agrowomen-edu.eu\/wp-content\/uploads\/2024\/05\/pexels-shvetsa-5231144-scaled-e1717005665613-300x240.jpg 300w, https:\/\/agrowomen-edu.eu\/wp-content\/uploads\/2024\/05\/pexels-shvetsa-5231144-scaled-e1717005665613-768x614.jpg 768w, https:\/\/agrowomen-edu.eu\/wp-content\/uploads\/2024\/05\/pexels-shvetsa-5231144-scaled-e1717005665613-1536x1229.jpg 1536w, https:\/\/agrowomen-edu.eu\/wp-content\/uploads\/2024\/05\/pexels-shvetsa-5231144-scaled-e1717005665613.jpg 1706w\" sizes=\"auto, (max-width: 1024px) 100vw, 1024px\" \/><span aria-hidden=\"true\" class=\"wp-block-cover__background has-background-dim-10 has-background-dim\"><\/span><div class=\"wp-block-cover__inner-container is-layout-flow wp-block-cover-is-layout-flow\">\n<p class=\"has-text-align-center has-white-color has-text-color has-background has-link-color has-large-font-size wp-elements-debaeab6235c85f23f19e520b227a17f\" style=\"background-color:#0202025e\"><strong>HANDBOOK <\/strong><\/p>\n\n\n\n<p class=\"has-text-align-center has-white-color has-text-color has-background has-link-color has-large-font-size wp-elements-69e338e95d902491f580d9362cc0c79c\" style=\"background-color:#0202025e\"><strong>Organic Farming &amp; Entrepreneurship<\/strong><\/p>\n<\/div><\/div>\n\n\n\n<div style=\"height:100px\" aria-hidden=\"true\" class=\"wp-block-spacer\"><\/div>\n\n\n\n<h2 class=\"wp-block-heading has-text-align-center\">We invite you to read our EU Digital AGRO-WomENtrepreneurs project Handbook: \u201c<strong>Organic farming and entrepreneurship<\/strong>\u201d which serves as a guide to raise awareness of organic farming and increase competences of rural women in the field of entrepreneurship and online marketing.<\/h2>\n\n\n\n<div style=\"height:100px\" aria-hidden=\"true\" class=\"wp-block-spacer\"><\/div>\n\n\n\n<h4 class=\"wp-block-heading has-text-align-center has-white-color has-text-color has-background has-link-color wp-elements-62e6a78b1601de985808bd5e2f8e9454\" style=\"background-color:#1e8900\">English version<\/h4>\n\n\n\n<div style=\"height:50px\" aria-hidden=\"true\" class=\"wp-block-spacer\"><\/div>\n\n\n<div class=\"wp-block-image\">\n<figure class=\"aligncenter size-large\"><img loading=\"lazy\" decoding=\"async\" width=\"724\" height=\"1024\" src=\"https:\/\/agrowomen-edu.eu\/wp-content\/uploads\/2025\/04\/1-kopia-724x1024.png\" alt=\"\" class=\"wp-image-433\" srcset=\"https:\/\/agrowomen-edu.eu\/wp-content\/uploads\/2025\/04\/1-kopia-724x1024.png 724w, https:\/\/agrowomen-edu.eu\/wp-content\/uploads\/2025\/04\/1-kopia-212x300.png 212w, https:\/\/agrowomen-edu.eu\/wp-content\/uploads\/2025\/04\/1-kopia-768x1086.png 768w, https:\/\/agrowomen-edu.eu\/wp-content\/uploads\/2025\/04\/1-kopia-1086x1536.png 1086w, https:\/\/agrowomen-edu.eu\/wp-content\/uploads\/2025\/04\/1-kopia.png 1414w\" sizes=\"auto, (max-width: 724px) 100vw, 724px\" \/><\/figure>\n<\/div>\n\n\n<div style=\"height:50px\" aria-hidden=\"true\" class=\"wp-block-spacer\"><\/div>\n\n\n\n<div data-wp-interactive=\"core\/file\" class=\"wp-block-file\"><object data-wp-bind--hidden=\"!state.hasPdfPreview\" hidden class=\"wp-block-file__embed\" data=\"https:\/\/agrowomen-edu.eu\/wp-content\/uploads\/2025\/04\/ENG-Handbook-AGRO-WomENt-2.pdf\" type=\"application\/pdf\" style=\"width:100%;height:600px\" aria-label=\"Embed of ENG - Handbook AGRO WomENt-2.\"><\/object><a id=\"wp-block-file--media-a1fb0bda-b043-4380-9682-f961ec058a50\" href=\"https:\/\/agrowomen-edu.eu\/wp-content\/uploads\/2025\/04\/ENG-Handbook-AGRO-WomENt-2.pdf\">ENG &#8211; Handbook AGRO WomENt-2<\/a><a href=\"https:\/\/agrowomen-edu.eu\/wp-content\/uploads\/2025\/04\/ENG-Handbook-AGRO-WomENt-2.pdf\" class=\"wp-block-file__button wp-element-button\" download aria-describedby=\"wp-block-file--media-a1fb0bda-b043-4380-9682-f961ec058a50\">Pobierz<\/a><\/div>\n\n\n\n<div style=\"height:100px\" aria-hidden=\"true\" class=\"wp-block-spacer\"><\/div>\n\n\n\n<h4 class=\"wp-block-heading has-text-align-center has-white-color has-text-color has-background has-link-color wp-elements-1083eb85f6fe1ca644bfc2c5643ec88b\" style=\"background-color:#1e8900\">Deutsche Sprachversion<\/h4>\n\n\n\n<div style=\"height:50px\" aria-hidden=\"true\" class=\"wp-block-spacer\"><\/div>\n\n\n<div class=\"wp-block-image\">\n<figure class=\"aligncenter size-large\"><img loading=\"lazy\" decoding=\"async\" width=\"724\" height=\"1024\" src=\"https:\/\/agrowomen-edu.eu\/wp-content\/uploads\/2025\/04\/DE-Handbook-AGRO-WomENt-724x1024.png\" alt=\"\" class=\"wp-image-445\" srcset=\"https:\/\/agrowomen-edu.eu\/wp-content\/uploads\/2025\/04\/DE-Handbook-AGRO-WomENt-724x1024.png 724w, https:\/\/agrowomen-edu.eu\/wp-content\/uploads\/2025\/04\/DE-Handbook-AGRO-WomENt-212x300.png 212w, https:\/\/agrowomen-edu.eu\/wp-content\/uploads\/2025\/04\/DE-Handbook-AGRO-WomENt-768x1086.png 768w, https:\/\/agrowomen-edu.eu\/wp-content\/uploads\/2025\/04\/DE-Handbook-AGRO-WomENt-1086x1536.png 1086w, https:\/\/agrowomen-edu.eu\/wp-content\/uploads\/2025\/04\/DE-Handbook-AGRO-WomENt.png 1414w\" sizes=\"auto, (max-width: 724px) 100vw, 724px\" \/><\/figure>\n<\/div>\n\n\n<div style=\"height:50px\" aria-hidden=\"true\" class=\"wp-block-spacer\"><\/div>\n\n\n\n<div data-wp-interactive=\"core\/file\" class=\"wp-block-file\"><object data-wp-bind--hidden=\"!state.hasPdfPreview\" hidden class=\"wp-block-file__embed\" data=\"https:\/\/agrowomen-edu.eu\/wp-content\/uploads\/2025\/04\/DE-Handbook-AGRO-WomENt-2.pdf\" type=\"application\/pdf\" style=\"width:100%;height:600px\" aria-label=\"Embed of DE - Handbook AGRO WomENt-2.\"><\/object><a id=\"wp-block-file--media-56adf768-8e58-4abf-a7d7-4e3ede252799\" href=\"https:\/\/agrowomen-edu.eu\/wp-content\/uploads\/2025\/04\/DE-Handbook-AGRO-WomENt-2.pdf\">DE &#8211; Handbook AGRO WomENt-2<\/a><a href=\"https:\/\/agrowomen-edu.eu\/wp-content\/uploads\/2025\/04\/DE-Handbook-AGRO-WomENt-2.pdf\" class=\"wp-block-file__button wp-element-button\" download aria-describedby=\"wp-block-file--media-56adf768-8e58-4abf-a7d7-4e3ede252799\">Pobierz<\/a><\/div>\n\n\n\n<h4 class=\"wp-block-heading has-text-align-center has-white-color has-text-color has-background has-link-color wp-elements-418e97e3db869d135b22b6460177ef99\" style=\"background-color:#1e8900\">Wersja w j\u0119zyku Polskim<\/h4>\n\n\n\n<div style=\"height:50px\" aria-hidden=\"true\" class=\"wp-block-spacer\"><\/div>\n\n\n<div class=\"wp-block-image\">\n<figure class=\"aligncenter size-large\"><img loading=\"lazy\" decoding=\"async\" width=\"724\" height=\"1024\" src=\"https:\/\/agrowomen-edu.eu\/wp-content\/uploads\/2025\/04\/PL-Handbook-AGRO-WomENt-724x1024.png\" alt=\"\" class=\"wp-image-444\" srcset=\"https:\/\/agrowomen-edu.eu\/wp-content\/uploads\/2025\/04\/PL-Handbook-AGRO-WomENt-724x1024.png 724w, https:\/\/agrowomen-edu.eu\/wp-content\/uploads\/2025\/04\/PL-Handbook-AGRO-WomENt-212x300.png 212w, https:\/\/agrowomen-edu.eu\/wp-content\/uploads\/2025\/04\/PL-Handbook-AGRO-WomENt-768x1086.png 768w, https:\/\/agrowomen-edu.eu\/wp-content\/uploads\/2025\/04\/PL-Handbook-AGRO-WomENt-1086x1536.png 1086w, https:\/\/agrowomen-edu.eu\/wp-content\/uploads\/2025\/04\/PL-Handbook-AGRO-WomENt.png 1414w\" sizes=\"auto, (max-width: 724px) 100vw, 724px\" \/><\/figure>\n<\/div>\n\n\n<div style=\"height:50px\" aria-hidden=\"true\" class=\"wp-block-spacer\"><\/div>\n\n\n\n<div data-wp-interactive=\"core\/file\" class=\"wp-block-file\"><object data-wp-bind--hidden=\"!state.hasPdfPreview\" hidden class=\"wp-block-file__embed\" data=\"https:\/\/agrowomen-edu.eu\/wp-content\/uploads\/2025\/04\/PL-Handbook-AGRO-WomENt-2.pdf\" type=\"application\/pdf\" style=\"width:100%;height:600px\" aria-label=\"Embed of PL - Handbook AGRO WomENt-2.\"><\/object><a id=\"wp-block-file--media-fe82f03b-be9b-42ee-ab64-178e7be61f72\" href=\"https:\/\/agrowomen-edu.eu\/wp-content\/uploads\/2025\/04\/PL-Handbook-AGRO-WomENt-2.pdf\">PL &#8211; Handbook AGRO WomENt-2<\/a><a href=\"https:\/\/agrowomen-edu.eu\/wp-content\/uploads\/2025\/04\/PL-Handbook-AGRO-WomENt-2.pdf\" class=\"wp-block-file__button wp-element-button\" download aria-describedby=\"wp-block-file--media-fe82f03b-be9b-42ee-ab64-178e7be61f72\">Pobierz<\/a><\/div>\n\n\n\n<div style=\"height:100px\" aria-hidden=\"true\" class=\"wp-block-spacer\"><\/div>\n\n\n\n<h4 class=\"wp-block-heading has-text-align-center has-white-color has-text-color has-background has-link-color wp-elements-de5afd62e3b321c8d477021f2e49416d\" style=\"background-color:#1e8900\">T\u00fcrk\u00e7e versiyonu<\/h4>\n\n\n\n<div style=\"height:50px\" aria-hidden=\"true\" class=\"wp-block-spacer\"><\/div>\n\n\n<div class=\"wp-block-image\">\n<figure class=\"aligncenter size-large\"><img loading=\"lazy\" decoding=\"async\" width=\"724\" height=\"1024\" src=\"https:\/\/agrowomen-edu.eu\/wp-content\/uploads\/2025\/04\/TR-Handbook-AGRO-WomENt-724x1024.png\" alt=\"\" class=\"wp-image-446\" srcset=\"https:\/\/agrowomen-edu.eu\/wp-content\/uploads\/2025\/04\/TR-Handbook-AGRO-WomENt-724x1024.png 724w, https:\/\/agrowomen-edu.eu\/wp-content\/uploads\/2025\/04\/TR-Handbook-AGRO-WomENt-212x300.png 212w, https:\/\/agrowomen-edu.eu\/wp-content\/uploads\/2025\/04\/TR-Handbook-AGRO-WomENt-768x1086.png 768w, https:\/\/agrowomen-edu.eu\/wp-content\/uploads\/2025\/04\/TR-Handbook-AGRO-WomENt-1086x1536.png 1086w, https:\/\/agrowomen-edu.eu\/wp-content\/uploads\/2025\/04\/TR-Handbook-AGRO-WomENt.png 1414w\" sizes=\"auto, (max-width: 724px) 100vw, 724px\" \/><\/figure>\n<\/div>\n\n\n<div style=\"height:50px\" aria-hidden=\"true\" class=\"wp-block-spacer\"><\/div>\n\n\n\n<div data-wp-interactive=\"core\/file\" class=\"wp-block-file\"><object data-wp-bind--hidden=\"!state.hasPdfPreview\" hidden class=\"wp-block-file__embed\" data=\"https:\/\/agrowomen-edu.eu\/wp-content\/uploads\/2025\/04\/TR-Handbook-AGRO-WomENt-2.pdf\" type=\"application\/pdf\" style=\"width:100%;height:600px\" aria-label=\"Embed of TR - Handbook AGRO WomENt-2.\"><\/object><a id=\"wp-block-file--media-8dea464c-fe9c-4305-bdc7-3939ecd4f65e\" href=\"https:\/\/agrowomen-edu.eu\/wp-content\/uploads\/2025\/04\/TR-Handbook-AGRO-WomENt-2.pdf\">TR &#8211; Handbook AGRO WomENt-2<\/a><a href=\"https:\/\/agrowomen-edu.eu\/wp-content\/uploads\/2025\/04\/TR-Handbook-AGRO-WomENt-2.pdf\" class=\"wp-block-file__button wp-element-button\" download aria-describedby=\"wp-block-file--media-8dea464c-fe9c-4305-bdc7-3939ecd4f65e\">Pobierz<\/a><\/div>\n\n\n\n<div style=\"height:100px\" aria-hidden=\"true\" class=\"wp-block-spacer\"><\/div>\n\n\n\n<div class=\"wp-block-cover aligncenter is-light\" style=\"min-height:100vh;aspect-ratio:unset;\"><img loading=\"lazy\" decoding=\"async\" width=\"1024\" height=\"819\" class=\"wp-block-cover__image-background wp-image-217\" alt=\"\" src=\"https:\/\/agrowomen-edu.eu\/wp-content\/uploads\/2024\/05\/pexels-shvetsa-5231144-scaled-e1717005665613-1024x819.jpg\" data-object-fit=\"cover\" srcset=\"https:\/\/agrowomen-edu.eu\/wp-content\/uploads\/2024\/05\/pexels-shvetsa-5231144-scaled-e1717005665613-1024x819.jpg 1024w, https:\/\/agrowomen-edu.eu\/wp-content\/uploads\/2024\/05\/pexels-shvetsa-5231144-scaled-e1717005665613-300x240.jpg 300w, https:\/\/agrowomen-edu.eu\/wp-content\/uploads\/2024\/05\/pexels-shvetsa-5231144-scaled-e1717005665613-768x614.jpg 768w, https:\/\/agrowomen-edu.eu\/wp-content\/uploads\/2024\/05\/pexels-shvetsa-5231144-scaled-e1717005665613-1536x1229.jpg 1536w, https:\/\/agrowomen-edu.eu\/wp-content\/uploads\/2024\/05\/pexels-shvetsa-5231144-scaled-e1717005665613.jpg 1706w\" sizes=\"auto, (max-width: 1024px) 100vw, 1024px\" \/><span aria-hidden=\"true\" class=\"wp-block-cover__background has-background-dim-10 has-background-dim\"><\/span><div class=\"wp-block-cover__inner-container is-layout-flow wp-block-cover-is-layout-flow\">\n<p class=\"has-text-align-center has-white-color has-text-color has-background has-link-color has-large-font-size wp-elements-2c96b30621e877918ffb3308bc6fafce\" style=\"background-color:#0202025e\"><strong>BEST PRACTISES BOOKLET<\/strong><\/p>\n\n\n\n<p class=\"has-text-align-center has-white-color has-text-color has-background has-link-color has-large-font-size wp-elements-fb2092e4bc11df1d7595ccc282a7335f\" style=\"background-color:#0202025e\"><strong>&#8211; EU Digital AGRO-WomENtrepreneurs<\/strong><\/p>\n<\/div><\/div>\n\n\n\n<p class=\"has-text-align-center\"><\/p>\n\n\n<div class=\"wp-block-image\">\n<figure class=\"aligncenter size-full\"><img loading=\"lazy\" decoding=\"async\" width=\"566\" height=\"874\" src=\"https:\/\/agrowomen-edu.eu\/wp-content\/uploads\/2025\/05\/BEST-PRACTICES-BOOKLET-1.png\" alt=\"\" class=\"wp-image-560\" srcset=\"https:\/\/agrowomen-edu.eu\/wp-content\/uploads\/2025\/05\/BEST-PRACTICES-BOOKLET-1.png 566w, https:\/\/agrowomen-edu.eu\/wp-content\/uploads\/2025\/05\/BEST-PRACTICES-BOOKLET-1-194x300.png 194w\" sizes=\"auto, (max-width: 566px) 100vw, 566px\" \/><\/figure>\n<\/div>\n\n\n<div style=\"height:50px\" aria-hidden=\"true\" class=\"wp-block-spacer\"><\/div>\n\n\n\n<div data-wp-interactive=\"core\/file\" class=\"wp-block-file\"><object data-wp-bind--hidden=\"!state.hasPdfPreview\" hidden class=\"wp-block-file__embed\" data=\"https:\/\/agrowomen-edu.eu\/wp-content\/uploads\/2025\/05\/BEST-PRACTICES-BOOKLET-1.pdf\" type=\"application\/pdf\" style=\"width:100%;height:600px\" aria-label=\"Embed of BEST PRACTICES BOOKLET.\"><\/object><a id=\"wp-block-file--media-6fe02095-697e-4c69-b4f2-f394acff4073\" href=\"https:\/\/agrowomen-edu.eu\/wp-content\/uploads\/2025\/05\/BEST-PRACTICES-BOOKLET-1.pdf\">BEST PRACTICES BOOKLET<\/a><a href=\"https:\/\/agrowomen-edu.eu\/wp-content\/uploads\/2025\/05\/BEST-PRACTICES-BOOKLET-1.pdf\" class=\"wp-block-file__button wp-element-button\" download aria-describedby=\"wp-block-file--media-6fe02095-697e-4c69-b4f2-f394acff4073\">Pobierz<\/a><\/div>\n\n\n\n<div style=\"height:100px\" aria-hidden=\"true\" class=\"wp-block-spacer\"><\/div>\n\n\n\n<div class=\"wp-block-cover aligncenter is-light\" style=\"min-height:100vh;aspect-ratio:unset;\"><img loading=\"lazy\" decoding=\"async\" width=\"1024\" height=\"819\" class=\"wp-block-cover__image-background wp-image-217\" alt=\"\" src=\"https:\/\/agrowomen-edu.eu\/wp-content\/uploads\/2024\/05\/pexels-shvetsa-5231144-scaled-e1717005665613-1024x819.jpg\" data-object-fit=\"cover\" srcset=\"https:\/\/agrowomen-edu.eu\/wp-content\/uploads\/2024\/05\/pexels-shvetsa-5231144-scaled-e1717005665613-1024x819.jpg 1024w, https:\/\/agrowomen-edu.eu\/wp-content\/uploads\/2024\/05\/pexels-shvetsa-5231144-scaled-e1717005665613-300x240.jpg 300w, https:\/\/agrowomen-edu.eu\/wp-content\/uploads\/2024\/05\/pexels-shvetsa-5231144-scaled-e1717005665613-768x614.jpg 768w, https:\/\/agrowomen-edu.eu\/wp-content\/uploads\/2024\/05\/pexels-shvetsa-5231144-scaled-e1717005665613-1536x1229.jpg 1536w, https:\/\/agrowomen-edu.eu\/wp-content\/uploads\/2024\/05\/pexels-shvetsa-5231144-scaled-e1717005665613.jpg 1706w\" sizes=\"auto, (max-width: 1024px) 100vw, 1024px\" \/><span aria-hidden=\"true\" class=\"wp-block-cover__background has-background-dim-10 has-background-dim\"><\/span><div class=\"wp-block-cover__inner-container is-layout-flow wp-block-cover-is-layout-flow\">\n<p class=\"has-text-align-center has-white-color has-text-color has-background has-link-color has-large-font-size wp-elements-e731f1d7d9c629a5f5af9fe535c2d213\" style=\"background-color:#0202025e\"><strong>Information about the project on the Adult Education portal EPALE <\/strong><\/p>\n\n\n\n<p class=\"has-text-align-center has-white-color has-text-color has-background has-link-color has-large-font-size wp-elements-bb76c5b280399e3579e95a5358574252\" style=\"background-color:#0202025e\"><strong>&#8211;<\/strong> EPALE &#8211; Adult Learning in Europe<\/p>\n<\/div><\/div>\n\n\n\n<div style=\"height:50px\" aria-hidden=\"true\" class=\"wp-block-spacer\"><\/div>\n\n\n\n<div style=\"height:50px\" aria-hidden=\"true\" class=\"wp-block-spacer\"><\/div>\n\n\n\n<p class=\"has-black-color has-text-color has-link-color has-medium-font-size wp-elements-ec146bd725bbd55f30d622d59eb9c544\"><strong>1)&nbsp;&nbsp;&nbsp;Agro Women powering rural change and innovating business<\/strong><\/p>\n\n\n\n<p><a href=\"https:\/\/epale.ec.europa.eu\/en\/content\/agro-women-powering-rural-change-and-innovating-business\">https:\/\/epale.ec.europa.eu\/en\/content\/agro-women-powering-rural-change-and-innovating-business<\/a><\/p>\n\n\n\n<p class=\"has-black-color has-text-color has-link-color has-medium-font-size wp-elements-35165e9f9e4cd26ffaf0ff96aabdd4d2\"><strong>2)&nbsp;EU Digital AGRO-WomENtrepreneurs<\/strong><\/p>\n\n\n\n<p><a href=\"https:\/\/epale.ec.europa.eu\/en\/content\/eu-digital-agro-womentrepreneurs\">https:\/\/epale.ec.europa.eu\/en\/content\/eu-digital-agro-womentrepreneurs<\/a><\/p>\n\n\n\n<p><\/p>\n\n\n<div class=\"wp-block-image\">\n<figure class=\"aligncenter size-full is-resized\"><img loading=\"lazy\" decoding=\"async\" width=\"263\" height=\"235\" src=\"https:\/\/agrowomen-edu.eu\/wp-content\/uploads\/2025\/05\/EPALE-2019-263x235-1.png\" alt=\"\" class=\"wp-image-563\" style=\"width:538px;height:auto\"\/><\/figure>\n<\/div>","protected":false},"excerpt":{"rendered":"<p>We invite you to read our EU Digital AGRO-WomENtrepreneurs project Handbook: \u201cOrganic farming and entrepreneurship\u201d which serves as a guide to raise awareness of organic farming and increase competences of rural women in the field of entrepreneurship and online marketing. English version Deutsche Sprachversion Wersja w j\u0119zyku Polskim T\u00fcrk\u00e7e versiyonu 1)&nbsp;&nbsp;&nbsp;Agro Women powering rural change [&hellip;]<\/p>\n","protected":false},"author":1,"featured_media":29,"parent":0,"menu_order":0,"comment_status":"closed","ping_status":"closed","template":"","meta":{"_regular_price":[],"currency_symbol":[],"footnotes":""},"class_list":["post-127","page","type-page","status-publish","has-post-thumbnail","hentry"],"post_slider_layout_featured_media_urls":{"thumbnail":["https:\/\/agrowomen-edu.eu\/wp-content\/uploads\/2024\/05\/cropped-pexels-akos-szabo-145938-440731-scaled-1-150x150.jpg",150,150,true],"post_slider_layout_landscape_large":["https:\/\/agrowomen-edu.eu\/wp-content\/uploads\/2024\/05\/cropped-pexels-akos-szabo-145938-440731-scaled-1.jpg",1200,146,false],"post_slider_layout_portrait_large":["https:\/\/agrowomen-edu.eu\/wp-content\/uploads\/2024\/05\/cropped-pexels-akos-szabo-145938-440731-scaled-1.jpg",1200,146,false],"post_slider_layout_square_large":["https:\/\/agrowomen-edu.eu\/wp-content\/uploads\/2024\/05\/cropped-pexels-akos-szabo-145938-440731-scaled-1.jpg",1200,146,false],"post_slider_layout_landscape":["https:\/\/agrowomen-edu.eu\/wp-content\/uploads\/2024\/05\/cropped-pexels-akos-szabo-145938-440731-scaled-1.jpg",600,73,false],"post_slider_layout_portrait":["https:\/\/agrowomen-edu.eu\/wp-content\/uploads\/2024\/05\/cropped-pexels-akos-szabo-145938-440731-scaled-1.jpg",600,73,false],"post_slider_layout_square":["https:\/\/agrowomen-edu.eu\/wp-content\/uploads\/2024\/05\/cropped-pexels-akos-szabo-145938-440731-scaled-1.jpg",600,73,false],"full":["https:\/\/agrowomen-edu.eu\/wp-content\/uploads\/2024\/05\/cropped-pexels-akos-szabo-145938-440731-scaled-1.jpg",1600,195,false]},"_links":{"self":[{"href":"https:\/\/agrowomen-edu.eu\/index.php?rest_route=\/wp\/v2\/pages\/127","targetHints":{"allow":["GET"]}}],"collection":[{"href":"https:\/\/agrowomen-edu.eu\/index.php?rest_route=\/wp\/v2\/pages"}],"about":[{"href":"https:\/\/agrowomen-edu.eu\/index.php?rest_route=\/wp\/v2\/types\/page"}],"author":[{"embeddable":true,"href":"https:\/\/agrowomen-edu.eu\/index.php?rest_route=\/wp\/v2\/users\/1"}],"replies":[{"embeddable":true,"href":"https:\/\/agrowomen-edu.eu\/index.php?rest_route=%2Fwp%2Fv2%2Fcomments&post=127"}],"version-history":[{"count":5,"href":"https:\/\/agrowomen-edu.eu\/index.php?rest_route=\/wp\/v2\/pages\/127\/revisions"}],"predecessor-version":[{"id":566,"href":"https:\/\/agrowomen-edu.eu\/index.php?rest_route=\/wp\/v2\/pages\/127\/revisions\/566"}],"wp:featuredmedia":[{"embeddable":true,"href":"https:\/\/agrowomen-edu.eu\/index.php?rest_route=\/wp\/v2\/media\/29"}],"wp:attachment":[{"href":"https:\/\/agrowomen-edu.eu\/index.php?rest_route=%2Fwp%2Fv2%2Fmedia&parent=127"}],"curies":[{"name":"wp","href":"https:\/\/api.w.org\/{rel}","templated":true}]}}