{"id":123,"date":"2024-05-25T17:19:46","date_gmt":"2024-05-25T17:19:46","guid":{"rendered":"https:\/\/agrowomen-edu.eu\/?page_id=123"},"modified":"2024-05-30T10:29:06","modified_gmt":"2024-05-30T10:29:06","slug":"partners","status":"publish","type":"page","link":"https:\/\/agrowomen-edu.eu\/?page_id=123","title":{"rendered":"PARTNERS"},"content":{"rendered":"\n<div class=\"wp-block-media-text is-stacked-on-mobile\"><figure class=\"wp-block-media-text__media\"><img loading=\"lazy\" decoding=\"async\" width=\"1024\" height=\"1024\" src=\"https:\/\/agrowomen-edu.eu\/wp-content\/uploads\/2024\/05\/EHE-no-background-1024x1024.png\" alt=\"\" class=\"wp-image-181 size-full\" srcset=\"https:\/\/agrowomen-edu.eu\/wp-content\/uploads\/2024\/05\/EHE-no-background-1024x1024.png 1024w, https:\/\/agrowomen-edu.eu\/wp-content\/uploads\/2024\/05\/EHE-no-background-300x300.png 300w, https:\/\/agrowomen-edu.eu\/wp-content\/uploads\/2024\/05\/EHE-no-background-150x150.png 150w, https:\/\/agrowomen-edu.eu\/wp-content\/uploads\/2024\/05\/EHE-no-background-768x768.png 768w, https:\/\/agrowomen-edu.eu\/wp-content\/uploads\/2024\/05\/EHE-no-background-1536x1536.png 1536w, https:\/\/agrowomen-edu.eu\/wp-content\/uploads\/2024\/05\/EHE-no-background.png 2000w\" sizes=\"auto, (max-width: 1024px) 100vw, 1024px\" \/><\/figure><div class=\"wp-block-media-text__content\">\n<h2 class=\"wp-block-heading has-text-align-left has-text-color\" style=\"color:#000000;font-size:32px\">Europ\u00e4isches Haus Esthal GMBH<\/h2>\n\n\n\n<div style=\"height:65px\" aria-hidden=\"true\" class=\"wp-block-spacer\"><\/div>\n\n\n\n<p class=\"has-black-color has-text-color has-link-color wp-elements-47691b17bf4571235aa90d9608de2b09\" style=\"font-size:15px\">The organization is a recently established company with a strong foundation in ideological principles and a robust human resource base. Despite its business structure, it is primarily driven by pro-social objectives, with a focus on operating the Esthal center while promoting values such as dialogue, respect, and interaction. The organization also aims to identify, nurture, and promote European values through events like meetings, symposiums, and training sessions. It actively supports international exchange initiatives, ecological projects, and sustainable development. The organization emerged as an extension of the founders\u2019 work, utilizing a legal structure to continue the church center\u2019s mission even after liquidation. Despite its youth, the organization is effective, hosting intergenerational and family events, prioritizing local employment, and contributing to the socio-economic fabric of the community. Dr. Jaros\u0142aw Krzewicki, the president, is a key figure with expertise in law, theology, and a strong background in promoting spirituality, science, and intercultural dialogue.<\/p>\n\n\n\n<div class=\"wp-block-buttons alignwide is-content-justification-center is-layout-flex wp-container-core-buttons-is-layout-16018d1d wp-block-buttons-is-layout-flex\">\n<div class=\"wp-block-button is-style-fill\"><a class=\"wp-block-button__link wp-element-button\" href=\"https:\/\/www.eh-esthal.de\/\" target=\"_blank\" rel=\"noreferrer noopener\">more about us<\/a><\/div>\n<\/div>\n<\/div><\/div>\n\n\n\n<div style=\"height:100px\" aria-hidden=\"true\" class=\"wp-block-spacer\"><\/div>\n\n\n\n<div class=\"wp-block-media-text is-stacked-on-mobile\"><figure class=\"wp-block-media-text__media\"><img loading=\"lazy\" decoding=\"async\" width=\"717\" height=\"875\" src=\"https:\/\/agrowomen-edu.eu\/wp-content\/uploads\/2024\/05\/logo-FZZ.jpeg\" alt=\"\" class=\"wp-image-183 size-full\" srcset=\"https:\/\/agrowomen-edu.eu\/wp-content\/uploads\/2024\/05\/logo-FZZ.jpeg 717w, https:\/\/agrowomen-edu.eu\/wp-content\/uploads\/2024\/05\/logo-FZZ-246x300.jpeg 246w\" sizes=\"auto, (max-width: 717px) 100vw, 717px\" \/><\/figure><div class=\"wp-block-media-text__content\">\n<h2 class=\"wp-block-heading has-text-align-left has-text-color\" style=\"color:#000000;font-size:32px\">Zofia Zamenhof Foundation<\/h2>\n\n\n\n<div style=\"height:65px\" aria-hidden=\"true\" class=\"wp-block-spacer\"><\/div>\n\n\n\n<p class=\"has-black-color has-text-color has-link-color wp-elements-ec95c2772524928260c8e5c08154aaf5\" style=\"font-size:15px\">Zofia Zamenhof Foundation aims at propagating the idea of freedom, the rules of democracy, cultural diversity and tolerance. Throughout our work, we want to show how to solve social problems. We want to contribute to increase the level of education of various social groups in countries where we are going to run our work and to have an influence on the integration processes between nations. We are certain that this is education which gives a chance to grow and makes the social differences smaller. Intercultural dialogue is possible thanks to education. Thus, our work aims also at education and training, also in the aspect of international cooperation. We also want to propagate the knowledge about the people connected with the ideas of our foundation. Foundation is involved in the educational and scientific activities related to the social causes and reduction of unemployment. There is a strong focus on cooperation with Eastern Partnership countries and working with educational institutions at various levels.<br>Our main focus are the groups at the risk of social exclusion with regards to labour marker such as disabled, NEETs, low- skilled adults and domestic violence victims.<br>Our experts have expertise in higher education and adult education. Members of our educational committee are PhD holders in different specializations of social sciences (mostly economics and sociology) or PhD candidates. We have also people who have long experience of work in educational industry, including adult education perspectives.<\/p>\n\n\n\n<div class=\"wp-block-buttons alignwide is-content-justification-center is-layout-flex wp-container-core-buttons-is-layout-16018d1d wp-block-buttons-is-layout-flex\">\n<div class=\"wp-block-button is-style-fill\"><a class=\"wp-block-button__link wp-element-button\" href=\"https:\/\/zofiazamenhof.pl\/?lang=en\" target=\"_blank\" rel=\"noreferrer noopener\">more about us<\/a><\/div>\n<\/div>\n<\/div><\/div>\n\n\n\n<div style=\"height:100px\" aria-hidden=\"true\" class=\"wp-block-spacer\"><\/div>\n\n\n\n<div class=\"wp-block-media-text is-stacked-on-mobile\"><figure class=\"wp-block-media-text__media\"><img loading=\"lazy\" decoding=\"async\" width=\"576\" height=\"527\" src=\"https:\/\/agrowomen-edu.eu\/wp-content\/uploads\/2024\/05\/165984082_1354894374886024_4676872264562293106_n-e1716975095855.jpeg\" alt=\"\" class=\"wp-image-185 size-full\" srcset=\"https:\/\/agrowomen-edu.eu\/wp-content\/uploads\/2024\/05\/165984082_1354894374886024_4676872264562293106_n-e1716975095855.jpeg 576w, https:\/\/agrowomen-edu.eu\/wp-content\/uploads\/2024\/05\/165984082_1354894374886024_4676872264562293106_n-e1716975095855-300x274.jpeg 300w\" sizes=\"auto, (max-width: 576px) 100vw, 576px\" \/><\/figure><div class=\"wp-block-media-text__content\">\n<h2 class=\"wp-block-heading has-text-align-left has-text-color\" style=\"color:#000000;font-size:32px\">Akademi K\u00fclt\u00fcr Ve E\u011fitim Derne\u011fi<\/h2>\n\n\n\n<div style=\"height:65px\" aria-hidden=\"true\" class=\"wp-block-spacer\"><\/div>\n\n\n\n<p class=\"has-black-color has-text-color has-link-color wp-elements-f46de04645501f0aad67a2c11da29f4e\" style=\"font-size:15px\">Our association was founded in Kastamonu, Turkey on June 10, 2013 by seven founding members. \u2018AKED\u2019 is the abbreviation of our association. The overall objective of our association is to make local and international projects, studies and activities related with education, culture and sport.AKED on rural development, youth, entrepreneurship, advocacy, environment, climate change, natural life, women and human rights, and aims to reach European Union standards and higher standards with these studies.<\/p>\n\n\n\n<div class=\"wp-block-buttons alignwide is-content-justification-center is-layout-flex wp-container-core-buttons-is-layout-16018d1d wp-block-buttons-is-layout-flex\">\n<div class=\"wp-block-button is-style-fill\"><a class=\"wp-block-button__link wp-element-button\" href=\"https:\/\/www.aked.org\/\" target=\"_blank\" rel=\"noreferrer noopener\">more about us<\/a><\/div>\n<\/div>\n<\/div><\/div>\n","protected":false},"excerpt":{"rendered":"","protected":false},"author":1,"featured_media":29,"parent":0,"menu_order":0,"comment_status":"closed","ping_status":"closed","template":"","meta":{"_regular_price":[],"currency_symbol":[],"footnotes":""},"class_list":["post-123","page","type-page","status-publish","has-post-thumbnail","hentry"],"post_slider_layout_featured_media_urls":{"thumbnail":["https:\/\/agrowomen-edu.eu\/wp-content\/uploads\/2024\/05\/cropped-pexels-akos-szabo-145938-440731-scaled-1-150x150.jpg",150,150,true],"post_slider_layout_landscape_large":["https:\/\/agrowomen-edu.eu\/wp-content\/uploads\/2024\/05\/cropped-pexels-akos-szabo-145938-440731-scaled-1.jpg",1200,146,false],"post_slider_layout_portrait_large":["https:\/\/agrowomen-edu.eu\/wp-content\/uploads\/2024\/05\/cropped-pexels-akos-szabo-145938-440731-scaled-1.jpg",1200,146,false],"post_slider_layout_square_large":["https:\/\/agrowomen-edu.eu\/wp-content\/uploads\/2024\/05\/cropped-pexels-akos-szabo-145938-440731-scaled-1.jpg",1200,146,false],"post_slider_layout_landscape":["https:\/\/agrowomen-edu.eu\/wp-content\/uploads\/2024\/05\/cropped-pexels-akos-szabo-145938-440731-scaled-1.jpg",600,73,false],"post_slider_layout_portrait":["https:\/\/agrowomen-edu.eu\/wp-content\/uploads\/2024\/05\/cropped-pexels-akos-szabo-145938-440731-scaled-1.jpg",600,73,false],"post_slider_layout_square":["https:\/\/agrowomen-edu.eu\/wp-content\/uploads\/2024\/05\/cropped-pexels-akos-szabo-145938-440731-scaled-1.jpg",600,73,false],"full":["https:\/\/agrowomen-edu.eu\/wp-content\/uploads\/2024\/05\/cropped-pexels-akos-szabo-145938-440731-scaled-1.jpg",1600,195,false]},"_links":{"self":[{"href":"https:\/\/agrowomen-edu.eu\/index.php?rest_route=\/wp\/v2\/pages\/123","targetHints":{"allow":["GET"]}}],"collection":[{"href":"https:\/\/agrowomen-edu.eu\/index.php?rest_route=\/wp\/v2\/pages"}],"about":[{"href":"https:\/\/agrowomen-edu.eu\/index.php?rest_route=\/wp\/v2\/types\/page"}],"author":[{"embeddable":true,"href":"https:\/\/agrowomen-edu.eu\/index.php?rest_route=\/wp\/v2\/users\/1"}],"replies":[{"embeddable":true,"href":"https:\/\/agrowomen-edu.eu\/index.php?rest_route=%2Fwp%2Fv2%2Fcomments&post=123"}],"version-history":[{"count":5,"href":"https:\/\/agrowomen-edu.eu\/index.php?rest_route=\/wp\/v2\/pages\/123\/revisions"}],"predecessor-version":[{"id":327,"href":"https:\/\/agrowomen-edu.eu\/index.php?rest_route=\/wp\/v2\/pages\/123\/revisions\/327"}],"wp:featuredmedia":[{"embeddable":true,"href":"https:\/\/agrowomen-edu.eu\/index.php?rest_route=\/wp\/v2\/media\/29"}],"wp:attachment":[{"href":"https:\/\/agrowomen-edu.eu\/index.php?rest_route=%2Fwp%2Fv2%2Fmedia&parent=123"}],"curies":[{"name":"wp","href":"https:\/\/api.w.org\/{rel}","templated":true}]}}